{"id":18605,"date":"2025-01-21T17:55:41","date_gmt":"2025-01-21T17:55:41","guid":{"rendered":"https:\/\/sportapasaule.lv\/lv\/?post_type=product&#038;p=18605"},"modified":"2025-01-23T20:57:54","modified_gmt":"2025-01-23T20:57:54","slug":"hex-stienis-stajas-vilkmei-hex-xlc","status":"publish","type":"product","link":"https:\/\/sportapasaule.lv\/lv\/produkts\/hex-stienis-stajas-vilkmei-hex-xlc\/","title":{"rendered":"Hex stienis st\u0101jas vilkmei HEX-XLC"},"content":{"rendered":"","protected":false},"excerpt":{"rendered":"<p>Hex stienis st\u0101jas vilkmei HEX-XLC<br \/>\nStie\u0146a diametrs satv\u0113riena viet\u0101: 32mm<br \/>\nPiem\u0113rots lieto\u0161anai ar 50mm vidus diametra svaru diskiem.<br \/>\nCeltsp\u0113ja l\u012bdz 300kg<br \/>\nSvars 23kg<br \/>\nSvara disku tur\u0113t\u0101js: 50 mm x 500mm<\/p>\n","protected":false},"featured_media":18606,"template":"","meta":[],"product_brand":[],"product_cat":[69],"product_tag":[],"class_list":{"0":"post-18605","1":"product","2":"type-product","3":"status-publish","4":"has-post-thumbnail","6":"product_cat-uncategorized","8":"first","9":"instock","10":"sale","11":"shipping-taxable","12":"purchasable","13":"product-type-simple"},"brands":[],"_links":{"self":[{"href":"https:\/\/sportapasaule.lv\/lv\/wp-json\/wp\/v2\/product\/18605","targetHints":{"allow":["GET"]}}],"collection":[{"href":"https:\/\/sportapasaule.lv\/lv\/wp-json\/wp\/v2\/product"}],"about":[{"href":"https:\/\/sportapasaule.lv\/lv\/wp-json\/wp\/v2\/types\/product"}],"wp:featuredmedia":[{"embeddable":true,"href":"https:\/\/sportapasaule.lv\/lv\/wp-json\/wp\/v2\/media\/18606"}],"wp:attachment":[{"href":"https:\/\/sportapasaule.lv\/lv\/wp-json\/wp\/v2\/media?parent=18605"}],"wp:term":[{"taxonomy":"product_brand","embeddable":true,"href":"https:\/\/sportapasaule.lv\/lv\/wp-json\/wp\/v2\/product_brand?post=18605"},{"taxonomy":"product_cat","embeddable":true,"href":"https:\/\/sportapasaule.lv\/lv\/wp-json\/wp\/v2\/product_cat?post=18605"},{"taxonomy":"product_tag","embeddable":true,"href":"https:\/\/sportapasaule.lv\/lv\/wp-json\/wp\/v2\/product_tag?post=18605"}],"curies":[{"name":"wp","href":"https:\/\/api.w.org\/{rel}","templated":true}]}}